{"id":39,"date":"2017-09-05T13:26:27","date_gmt":"2017-09-05T11:26:27","guid":{"rendered":"http:\/\/hospicjumraciazek.pl\/?page_id=39"},"modified":"2024-11-12T17:31:32","modified_gmt":"2024-11-12T16:31:32","slug":"hospicjum","status":"publish","type":"page","link":"https:\/\/hospicjumraciazek.pl\/","title":{"rendered":"Hospicjum"},"content":{"rendered":"<p>[et_pb_section fb_built=&#8221;1&#8243; _builder_version=&#8221;4.24.2&#8243; _module_preset=&#8221;default&#8221; min_height=&#8221;685px&#8221; custom_margin=&#8221;||13px|||&#8221; custom_padding=&#8221;6px||0px|||&#8221; custom_css_free_form=&#8221;seector h1 {color: red;}&#8221; global_colors_info=&#8221;{}&#8221;][et_pb_row _builder_version=&#8221;4.24.0&#8243; _module_preset=&#8221;default&#8221; min_height=&#8221;610px&#8221; custom_margin=&#8221;|auto|5px|auto||&#8221; custom_padding=&#8221;29px|||||&#8221; global_colors_info=&#8221;{}&#8221;][et_pb_column type=&#8221;4_4&#8243; _builder_version=&#8221;4.24.0&#8243; _module_preset=&#8221;default&#8221; global_colors_info=&#8221;{}&#8221;][et_pb_image src=&#8221;https:\/\/hospicjumraciazek.pl\/wp-content\/uploads\/2024\/02\/1920_Hospicjum.jpg&#8221; title_text=&#8221;Zdj\u0119cie hospicjum &#8211; 1&#8243; _builder_version=&#8221;4.24.1&#8243; _module_preset=&#8221;default&#8221; module_alignment=&#8221;center&#8221; custom_margin=&#8221;1px|||||&#8221; custom_padding=&#8221;0px|3px||||&#8221; global_colors_info=&#8221;{}&#8221;][\/et_pb_image][\/et_pb_column][\/et_pb_row][\/et_pb_section][et_pb_section fb_built=&#8221;1&#8243; fullwidth=&#8221;on&#8221; theme_builder_area=&#8221;post_content&#8221; _builder_version=&#8221;4.25.0&#8243; _module_preset=&#8221;default&#8221;][et_pb_fullwidth_code _builder_version=&#8221;4.25.0&#8243; _module_preset=&#8221;default&#8221; theme_builder_area=&#8221;post_content&#8221; text_orientation=&#8221;justified&#8221; raw_content_last_edited=&#8221;on|desktop&#8221; hover_enabled=&#8221;0&#8243; sticky_enabled=&#8221;0&#8243; width=&#8221;40%&#8221; max_width=&#8221;40%&#8221; module_alignment=&#8221;center&#8221; custom_margin=&#8221;||40px||false|false&#8221;]Raci\u0105\u017cek, dnia 12.11. 2024r.<!\u2013- [et_pb_br_holder] -\u2013><!-- [et_pb_line_break_holder] --><!\u2013- [et_pb_br_holder] -\u2013><!-- [et_pb_line_break_holder] -->Prezes Zarz\u0105du Stowarzyszenia<!\u2013- [et_pb_br_holder] -\u2013><!-- [et_pb_line_break_holder] -->\u201eHospicjum Bo\u017cego Mi\u0142osierdzia\u201d<!\u2013- [et_pb_br_holder] -\u2013><!-- [et_pb_line_break_holder] -->w Raci\u0105\u017cku<!\u2013- [et_pb_br_holder] -\u2013><!-- [et_pb_line_break_holder] --><!\u2013- [et_pb_br_holder] -\u2013><!-- [et_pb_line_break_holder] -->Cz\u0142onkowie Stowarzyszenia<!\u2013- [et_pb_br_holder] -\u2013><!-- [et_pb_line_break_holder] -->-wszyscy-<!\u2013- [et_pb_br_holder] -\u2013><!\u2013- [et_pb_br_holder] -\u2013><!-- [et_pb_line_break_holder] --><!-- [et_pb_line_break_holder] -->Na podstawie \u00a7 18 Statutu Stowarzyszenia \u201eHospicjum Bo\u017cego Mi\u0142osierdzia\u201d w Raci\u0105\u017cku, Zarz\u0105d Stowarzyszenia zwo\u0142uje nadzwyczajne Walne Zebranie Cz\u0142onk\u00f3w Stowarzyszenia \u2013 na dzie\u0144 27.11. 2024 roku, godzina 17 w Klasztorze O Franciszkan\u00f3w ul. \u015aw. Maksymiliana 4 , (pierwszy termin &#8211; \u00a7 16; drugi termin \u2013 po 15 minutach od stwierdzenia braku kworum).<!\u2013- [et_pb_br_holder] -\u2013><!\u2013- [et_pb_br_holder] -\u2013> <!-- [et_pb_line_break_holder] --><!-- [et_pb_line_break_holder] -->Przewidywany porz\u0105dek obrad:<!\u2013- [et_pb_br_holder] -\u2013><!-- [et_pb_line_break_holder] -->1\/ zmiany w sk\u0142adzie Zarz\u0105du Stowarzyszenia,<!\u2013- [et_pb_br_holder] -\u2013><!-- [et_pb_line_break_holder] -->2\/ zmiany w Statucie Stowarzyszenia.<!\u2013- [et_pb_br_holder] -\u2013><!\u2013- [et_pb_br_holder] -\u2013><!-- [et_pb_line_break_holder] --><!-- [et_pb_line_break_holder] -->\tUWAGA!<!\u2013- [et_pb_br_holder] -\u2013><!-- [et_pb_line_break_holder] -->Cz\u0142onkowie Stowarzyszenia, kt\u00f3rzy wcze\u015bniej zadeklarowali swoje cz\u0142onkostwo i zostali do Stowarzyszenia przyj\u0119cie, s\u0105 zobowi\u0105zani do potwierdzenia dalszej deklaracji uczestnictwa osobi\u015bcie \u2013 Prezesowi Zarz\u0105du lub pisemnie na adres Stowarzyszenia. <!\u2013- [et_pb_br_holder] -\u2013><!-- [et_pb_line_break_holder] -->Powy\u017csze jest konieczne wobec szeregu zmian osobowych w\u015br\u00f3d cz\u0142onk\u00f3w, zg\u0142aszania ustnego i niepotwierdzania pisemnego rezygnacji, a tak\u017ce w celu ujednolicenia sk\u0142adu osobowego Stowarzyszenia, kt\u00f3re przyst\u0119puje do wzmo\u017conej pracy statutowej. Konsekwencj\u0105 niepotwierdzenia cz\u0142onkostwa do dnia Walnego Zebrania w dniu 27.11.2024r. b\u0119dzie skre\u015blenie z listy cz\u0142onk\u00f3w.[\/et_pb_fullwidth_code][\/et_pb_section]<\/p>\n","protected":false},"excerpt":{"rendered":"","protected":false},"author":1,"featured_media":0,"parent":0,"menu_order":0,"comment_status":"closed","ping_status":"closed","template":"","meta":{"_et_pb_use_builder":"on","_et_pb_old_content":"","_et_gb_content_width":"","_monsterinsights_skip_tracking":false,"_monsterinsights_sitenote_active":false,"_monsterinsights_sitenote_note":"","_monsterinsights_sitenote_category":0,"footnotes":""},"_links":{"self":[{"href":"https:\/\/hospicjumraciazek.pl\/index.php?rest_route=\/wp\/v2\/pages\/39"}],"collection":[{"href":"https:\/\/hospicjumraciazek.pl\/index.php?rest_route=\/wp\/v2\/pages"}],"about":[{"href":"https:\/\/hospicjumraciazek.pl\/index.php?rest_route=\/wp\/v2\/types\/page"}],"author":[{"embeddable":true,"href":"https:\/\/hospicjumraciazek.pl\/index.php?rest_route=\/wp\/v2\/users\/1"}],"replies":[{"embeddable":true,"href":"https:\/\/hospicjumraciazek.pl\/index.php?rest_route=%2Fwp%2Fv2%2Fcomments&post=39"}],"version-history":[{"count":84,"href":"https:\/\/hospicjumraciazek.pl\/index.php?rest_route=\/wp\/v2\/pages\/39\/revisions"}],"predecessor-version":[{"id":591,"href":"https:\/\/hospicjumraciazek.pl\/index.php?rest_route=\/wp\/v2\/pages\/39\/revisions\/591"}],"wp:attachment":[{"href":"https:\/\/hospicjumraciazek.pl\/index.php?rest_route=%2Fwp%2Fv2%2Fmedia&parent=39"}],"curies":[{"name":"wp","href":"https:\/\/api.w.org\/{rel}","templated":true}]}}