{"id":37,"date":"2017-09-05T13:23:57","date_gmt":"2017-09-05T11:23:57","guid":{"rendered":"http:\/\/hospicjumraciazek.pl\/?page_id=37"},"modified":"2024-05-09T08:54:31","modified_gmt":"2024-05-09T06:54:31","slug":"kontakt","status":"publish","type":"page","link":"https:\/\/hospicjumraciazek.pl\/?page_id=37","title":{"rendered":"Kontakt"},"content":{"rendered":"<p>[et_pb_section fb_built=&#8221;1&#8243; _builder_version=&#8221;4.24.0&#8243; _module_preset=&#8221;default&#8221; global_colors_info=&#8221;{}&#8221;][et_pb_row column_structure=&#8221;1_2,1_2&#8243; _builder_version=&#8221;4.24.0&#8243; _module_preset=&#8221;default&#8221; global_colors_info=&#8221;{}&#8221;][et_pb_column type=&#8221;1_2&#8243; _builder_version=&#8221;4.24.0&#8243; _module_preset=&#8221;default&#8221; global_colors_info=&#8221;{}&#8221;][et_pb_text _builder_version=&#8221;4.25.0&#8243; _module_preset=&#8221;default&#8221; global_colors_info=&#8221;{}&#8221;]<\/p>\n<h4><span style=\"color: #000000;\"><strong>Hospicjum Bo\u017cego Mi\u0142osierdzia<\/strong><\/span><\/h4>\n<p><span style=\"color: #000000;\">ul. Zamkowa 35, 87-721 Raci\u0105\u017cek<\/span><br \/><span style=\"font-weight: 400; color: #000000;\"><strong>NIP:<\/strong> 8911628782\u00a0 <strong>KRS:<\/strong> 0000692934\u00a0 <strong>REGON:<\/strong> 368167150<\/span><\/p>\n<h4><span style=\"color: #000000;\"><b>W\u0142adze Stowarzyszenia<\/b><\/span><\/h4>\n<p><span style=\"color: #000000;\"><b>Prezes Zarz\u0105du <\/b><span style=\"font-weight: 400;\">&#8211;<\/span> <span style=\"font-weight: 400;\">Wojciech Marja\u0144ski<br \/><\/span><b>Wiceprezes Zarz\u0105du <\/b><span style=\"font-weight: 400;\">&#8211;<\/span> <span style=\"font-weight: 400;\">Roman Bajdalski<br \/><\/span><b>Sekretarz<\/b><span style=\"font-weight: 400;\"> &#8211;<\/span> <span style=\"font-weight: 400;\">Mariusz Moneta<\/span><\/span><\/p>\n<h4><span style=\"color: #000000;\"><b>Dane teleadresowe:<\/b><\/span><\/h4>\n<p><span style=\"color: #000000;\"><span style=\"font-weight: 400;\">telefon: +48 691842922<br \/><\/span><span style=\"font-weight: 400;\">email: hospicjumraciazek@gmail.com<\/span><\/span><\/p>\n<h4><span style=\"color: #000000;\"><b>Dane rachunku bankowego:<\/b><\/span><\/h4>\n<p><span style=\"color: #000000;\"><span style=\"font-weight: 400;\">BNP Paribas Bank Polska S.A.<br \/><\/span><span style=\"font-weight: 400;\">SWIFT: PPABPLPK<br \/><\/span><span style=\"font-weight: 400;\">75 1750 0012 0000 0000 3833 7227<\/span><\/span><\/p>\n<p>[\/et_pb_text][\/et_pb_column][et_pb_column type=&#8221;1_2&#8243; _builder_version=&#8221;4.24.0&#8243; _module_preset=&#8221;default&#8221; global_colors_info=&#8221;{}&#8221;][et_pb_image src=&#8221;https:\/\/hospicjumraciazek.pl\/wp-content\/uploads\/2024\/02\/1920_logo-HBM.jpg&#8221; title_text=&#8221;1920_logo HBM&#8221; _builder_version=&#8221;4.24.0&#8243; _module_preset=&#8221;default&#8221; height=&#8221;300px&#8221; global_colors_info=&#8221;{}&#8221;][\/et_pb_image][\/et_pb_column][\/et_pb_row][\/et_pb_section]<\/p>\n","protected":false},"excerpt":{"rendered":"<p>Hospicjum Bo\u017cego Mi\u0142osierdzia ul. Zamkowa 35, 87-721 Raci\u0105\u017cekNIP: 8911628782\u00a0 KRS: 0000692934\u00a0 REGON: 368167150 W\u0142adze Stowarzyszenia Prezes Zarz\u0105du &#8211; Wojciech Marja\u0144skiWiceprezes Zarz\u0105du &#8211; Roman BajdalskiSekretarz &#8211; Mariusz Moneta Dane teleadresowe: telefon: +48 691842922email: hospicjumraciazek@gmail.com Dane rachunku bankowego: BNP Paribas Bank Polska S.A.SWIFT: PPABPLPK75 1750 0012 0000 0000 3833 7227<\/p>\n","protected":false},"author":1,"featured_media":0,"parent":0,"menu_order":0,"comment_status":"closed","ping_status":"closed","template":"","meta":{"_et_pb_use_builder":"on","_et_pb_old_content":"","_et_gb_content_width":"","_monsterinsights_skip_tracking":false,"_monsterinsights_sitenote_active":false,"_monsterinsights_sitenote_note":"","_monsterinsights_sitenote_category":0,"footnotes":""},"_links":{"self":[{"href":"https:\/\/hospicjumraciazek.pl\/index.php?rest_route=\/wp\/v2\/pages\/37"}],"collection":[{"href":"https:\/\/hospicjumraciazek.pl\/index.php?rest_route=\/wp\/v2\/pages"}],"about":[{"href":"https:\/\/hospicjumraciazek.pl\/index.php?rest_route=\/wp\/v2\/types\/page"}],"author":[{"embeddable":true,"href":"https:\/\/hospicjumraciazek.pl\/index.php?rest_route=\/wp\/v2\/users\/1"}],"replies":[{"embeddable":true,"href":"https:\/\/hospicjumraciazek.pl\/index.php?rest_route=%2Fwp%2Fv2%2Fcomments&post=37"}],"version-history":[{"count":28,"href":"https:\/\/hospicjumraciazek.pl\/index.php?rest_route=\/wp\/v2\/pages\/37\/revisions"}],"predecessor-version":[{"id":586,"href":"https:\/\/hospicjumraciazek.pl\/index.php?rest_route=\/wp\/v2\/pages\/37\/revisions\/586"}],"wp:attachment":[{"href":"https:\/\/hospicjumraciazek.pl\/index.php?rest_route=%2Fwp%2Fv2%2Fmedia&parent=37"}],"curies":[{"name":"wp","href":"https:\/\/api.w.org\/{rel}","templated":true}]}}